{"id":2173,"date":"2022-06-09T18:07:24","date_gmt":"2022-06-09T16:07:24","guid":{"rendered":"https:\/\/www.bluezanterealestates.com\/startseite\/"},"modified":"2022-09-01T14:48:46","modified_gmt":"2022-09-01T12:48:46","slug":"startseite","status":"publish","type":"page","link":"https:\/\/www.bluezanterealestates.com\/de\/","title":{"rendered":"Startseite"},"content":{"rendered":"<p>[vc_row full_width=&#8220;stretch_row&#8220; css=&#8220;.vc_custom_1657557754339{margin-top: -130px !important;background-image: url(http:\/\/www.bluezanterealestates.com\/wp-content\/uploads\/2022\/06\/thurtl.jpg?id=15) !important;background-position: center !important;background-repeat: no-repeat !important;background-size: cover !important;}&#8220;][vc_column]<div class=\"cz_gap clr  hide_on_tablet hide_on_mobile\" style=\"height: 150px\"><\/div><div class=\"cz_gap show_on_tablet clr  show_only_tablet\" style=\"height: 50px\"><\/div><div class=\"cz_gap show_on_mobile clr\" style=\"height: 50px\"><\/div>[vc_column_text]<\/p>\n<h3 style=\"text-align: center;\">FANTASTISCHE GRUNDST\u00dcCKE UND VILLEN AUF ZAKYNTHOS<\/h3>\n<p>[\/vc_column_text][vc_column_text css=&#8220;.vc_custom_1658315783290{margin-top: -20px !important;}&#8220;]<\/p>\n<h4 style=\"text-align: center;\">FINDEN SIE IHR GRUNDST\u00dcCK ODER IHRE VILLA MIT HERRLICHEM MEERBLICK<\/h4>\n<p>[\/vc_column_text]<div class=\"cz_gap clr  hide_on_tablet hide_on_mobile\" style=\"height: 400px\"><\/div><div class=\"cz_gap show_on_tablet clr  show_only_tablet\" style=\"height: 100px\"><\/div><div class=\"cz_gap show_on_mobile clr\" style=\"height: 350px\"><\/div><a href=\"http:\/\/www.bluezanterealestates.com\/#kontakt\"><div id=\"cz_90044\" class=\"cz_90044 cz_image clr cz_image_zoom_in hide_on_mobile\"><div class=\"\" ><div class=\"cz_image_in\"><div class=\"cz_main_image\"><img width=\"155\" height=\"38\" src=\"data:image\/svg+xml,%3Csvg%20xmlns%3D&#39;http%3A%2F%2Fwww.w3.org%2F2000%2Fsvg&#39;%20width=&#39;155&#39;%20height=&#39;38&#39;%20viewBox%3D&#39;0%200%20155%2038&#39;%2F%3E\" data-czlz data-src=\"https:\/\/www.bluezanterealestates.com\/wp-content\/uploads\/2022\/08\/napiste.png\" class=\"attachment-medium\" alt=\"\" title=\"napiste\" data-srcset=\"https:\/\/www.bluezanterealestates.com\/wp-content\/uploads\/2022\/08\/napiste.png 155w, https:\/\/www.bluezanterealestates.com\/wp-content\/uploads\/2022\/08\/napiste-150x38.png 150w\" data-sizes=\"(max-width: 155px) 100vw, 155px\" \/><\/div><div class=\"cz_hover_image\"><img width=\"155\" height=\"38\" src=\"data:image\/svg+xml,%3Csvg%20xmlns%3D&#39;http%3A%2F%2Fwww.w3.org%2F2000%2Fsvg&#39;%20width=&#39;155&#39;%20height=&#39;38&#39;%20viewBox%3D&#39;0%200%20155%2038&#39;%2F%3E\" data-czlz data-src=\"https:\/\/www.bluezanterealestates.com\/wp-content\/uploads\/2022\/08\/napiste.png\" class=\"attachment-medium\" alt=\"\" title=\"napiste\" data-srcset=\"https:\/\/www.bluezanterealestates.com\/wp-content\/uploads\/2022\/08\/napiste.png 155w, https:\/\/www.bluezanterealestates.com\/wp-content\/uploads\/2022\/08\/napiste-150x38.png 150w\" data-sizes=\"(max-width: 155px) 100vw, 155px\" \/><\/div><\/div><\/div><\/div><\/a><a href=\"http:\/\/www.bluezanterealestates.com\/#kontakt\"><div id=\"cz_57618\" class=\"cz_57618 cz_image clr cz_image_zoom_in center_on_mobile hide_on_desktop hide_on_tablet hide_on_mobile show_on_mobile\"><div class=\"\" ><div class=\"cz_image_in\"><div class=\"cz_main_image\"><img width=\"155\" height=\"38\" src=\"data:image\/svg+xml,%3Csvg%20xmlns%3D&#39;http%3A%2F%2Fwww.w3.org%2F2000%2Fsvg&#39;%20width=&#39;155&#39;%20height=&#39;38&#39;%20viewBox%3D&#39;0%200%20155%2038&#39;%2F%3E\" data-czlz data-src=\"https:\/\/www.bluezanterealestates.com\/wp-content\/uploads\/2022\/08\/napiste.png\" class=\"attachment-medium\" alt=\"\" title=\"napiste\" data-srcset=\"https:\/\/www.bluezanterealestates.com\/wp-content\/uploads\/2022\/08\/napiste.png 155w, https:\/\/www.bluezanterealestates.com\/wp-content\/uploads\/2022\/08\/napiste-150x38.png 150w\" data-sizes=\"(max-width: 155px) 100vw, 155px\" \/><\/div><div class=\"cz_hover_image\"><img width=\"155\" height=\"38\" src=\"data:image\/svg+xml,%3Csvg%20xmlns%3D&#39;http%3A%2F%2Fwww.w3.org%2F2000%2Fsvg&#39;%20width=&#39;155&#39;%20height=&#39;38&#39;%20viewBox%3D&#39;0%200%20155%2038&#39;%2F%3E\" data-czlz data-src=\"https:\/\/www.bluezanterealestates.com\/wp-content\/uploads\/2022\/08\/napiste.png\" class=\"attachment-medium\" alt=\"\" title=\"napiste\" data-srcset=\"https:\/\/www.bluezanterealestates.com\/wp-content\/uploads\/2022\/08\/napiste.png 155w, https:\/\/www.bluezanterealestates.com\/wp-content\/uploads\/2022\/08\/napiste-150x38.png 150w\" data-sizes=\"(max-width: 155px) 100vw, 155px\" \/><\/div><\/div><\/div><\/div><\/a><div class=\"cz_gap clr  hide_on_tablet hide_on_mobile\" style=\"height: 100px\"><\/div><div class=\"cz_gap show_on_tablet clr  show_only_tablet\" style=\"height: 100px\"><\/div><div class=\"cz_gap show_on_mobile clr\" style=\"height: 100px\"><\/div>[\/vc_column][\/vc_row][vc_row full_width=&#8220;stretch_row&#8220; css=&#8220;.vc_custom_1660216074350{background-image: url(http:\/\/www.bluezanterealestates.com\/wp-content\/uploads\/2022\/08\/bg3.jpg?id=1174) !important;background-position: center !important;background-repeat: no-repeat !important;background-size: cover;background-position: top !important;}&#8220;][vc_column]<div class=\"cz_gap clr \" style=\"height: 150px\"><\/div>[vc_column_text]<\/p>\n<h2 style=\"text-align: right;\">Erf\u00fcllen Sie sich Ihren Immobilientraum<\/h2>\n<h1 style=\"text-align: right;\">auf Zakythos!<\/h1>\n<p>[\/vc_column_text]<div class=\"cz_gap clr  hide_on_tablet hide_on_mobile\" style=\"height: 200px\"><\/div><div class=\"cz_gap show_on_tablet clr  show_only_tablet\" style=\"height: 50px\"><\/div><div class=\"cz_gap show_on_mobile clr\" style=\"height: 100px\"><\/div>[vc_column_text]<\/p>\n<p style=\"text-align: right;\" align=\"LEFT\"><span style=\"color: #000000;\">Ob Sie ein sch\u00f6nes Haus f\u00fcr sich selbst wollen, oder ob Sie<span style=\"font-size: 20px;\"> gewinnbringend investieren<\/span> wollen. Oder beides.  <\/span><span style=\"color: #000000;\">zur gleichen Zeit.  <\/span><span style=\"color: #000000;\">Atemberaubende Aussichten, atemberaubende Immobilien und Kundendienst.<\/span><\/p>\n<p style=\"text-align: right;\"> <span style=\"color: #000000;\"> Wir bieten Ihnen nicht nur die Vermittlung des Kaufs <span style=\"font-size: 20px;\">einer Immobilie auf Zakynthos<\/span>, sondern auch Hilfe bei der Beschaffung von <\/span><span style=\"color: #000000;\">Baugenehmigungen und beim Bau des Hauses. <\/span><\/p>\n<p style=\"text-align: right;\"> <span style=\"color: #000000;\"> Oder \u00fcberlassen Sie uns die ganze Arbeit und lassen Sie sich <\/span><span style=\"color: #000000;\"><br \/>\n  <span style=\"font-size: 20px;\"><span style=\"font-size: 16px;\">bauen Sie Ihr<\/span> Traumhaus schl\u00fcsselfertig. <\/span><br \/>\n<\/span><span style=\"color: #000000;\">Unsere Dienstleistungen enden jedoch nicht mit dem Bau des Hauses.<\/span><\/p>\n<p style=\"text-align: right;\"> <span style=\"color: #000000;\"> Wir sorgen f\u00fcr die sp\u00e4tere Instandhaltung der Immobilie und ihrer <\/span><span style=\"color: #000000;\">gewerbliche Nutzung.<\/span><\/p>\n<p>[\/vc_column_text][vc_row_inner][vc_column_inner width=&#8220;1\/2&#8243;][\/vc_column_inner][vc_column_inner width=&#8220;1\/2&#8243;]<div id=\"cz_70574\" class=\"cz_70574 cz_image clr cz_image_no_fx\"><div class=\"\" ><div class=\"cz_image_in\"><div class=\"cz_main_image\"><img width=\"266\" height=\"167\" src=\"data:image\/svg+xml,%3Csvg%20xmlns%3D&#39;http%3A%2F%2Fwww.w3.org%2F2000%2Fsvg&#39;%20width=&#39;266&#39;%20height=&#39;167&#39;%20viewBox%3D&#39;0%200%20266%20167&#39;%2F%3E\" data-czlz data-src=\"https:\/\/www.bluezanterealestates.com\/wp-content\/uploads\/2022\/06\/vlajka.png\" class=\"attachment-full\" alt=\"\" title=\"vlajka\" \/><\/div><\/div><\/div><\/div>[\/vc_column_inner][\/vc_row_inner][\/vc_column][\/vc_row][vc_row full_width=&#8220;stretch_row&#8220; css=&#8220;.vc_custom_1655934907207{background-color: #ffffff !important;}&#8220;][vc_column]<div class=\"cz_gap clr  hide_on_tablet hide_on_mobile\" style=\"height: 50px\"><\/div><div class=\"cz_gap show_on_tablet clr  show_only_tablet\" style=\"height: 30px\"><\/div><div class=\"cz_gap show_on_mobile clr\" style=\"height: 30px\"><\/div>[vc_column_text][ps2id id=&#8220;nabidka&#8220; target=&#8220;&#8220; \/][\/vc_column_text][\/vc_column][\/vc_row][vc_row full_width=&#8220;stretch_row&#8220; css=&#8220;.vc_custom_1655935061996{background-color: #000000 !important;}&#8220;][vc_column]<div class=\"codevz-page-content-element\"><style>.elementor-2254 .elementor-element.elementor-element-5991029 > .elementor-container{max-width:1262px;}.elementor-2254 .elementor-element.elementor-element-5991029:not(.elementor-motion-effects-element-type-background), .elementor-2254 .elementor-element.elementor-element-5991029 > .elementor-motion-effects-container > .elementor-motion-effects-layer{background-image:url(\"http:\/\/www.bluezanterealestates.com\/wp-content\/uploads\/2022\/06\/nabidka.jpg\");background-position:top right;background-repeat:no-repeat;background-size:cover;}.elementor-2254 .elementor-element.elementor-element-5991029{transition:background 0.3s, border 0.3s, border-radius 0.3s, box-shadow 0.3s;}.elementor-2254 .elementor-element.elementor-element-5991029 > .elementor-background-overlay{transition:background 0.3s, border-radius 0.3s, opacity 0.3s;}.elementor-2254 .elementor-element.elementor-element-c505df5 .elementor-spacer-inner{--spacer-size:100px;}.elementor-2254 .elementor-element.elementor-element-01df04b{text-align:right;}.elementor-2254 .elementor-element.elementor-element-01df04b .elementor-heading-title{color:#FFFFFF;font-family:\"Montserrat\", Sans-serif;font-weight:400;}.elementor-2254 .elementor-element.elementor-element-32998c0:not(.elementor-motion-effects-element-type-background), .elementor-2254 .elementor-element.elementor-element-32998c0 > .elementor-motion-effects-container > .elementor-motion-effects-layer{background-color:#050505;}.elementor-2254 .elementor-element.elementor-element-32998c0{transition:background 0.3s, border 0.3s, border-radius 0.3s, box-shadow 0.3s;}.elementor-2254 .elementor-element.elementor-element-32998c0 > .elementor-background-overlay{transition:background 0.3s, border-radius 0.3s, opacity 0.3s;}<\/style>\t\t<div data-elementor-type=\"wp-page\" data-elementor-id=\"2254\" class=\"elementor elementor-2254 elementor-254\">\n\t\t\t\t\t\t\t\t\t<section class=\"elementor-section elementor-top-section elementor-element elementor-element-5991029 elementor-section-stretched elementor-section-boxed elementor-section-height-default elementor-section-height-default\" data-id=\"5991029\" data-element_type=\"section\" data-settings=\"{&quot;stretch_section&quot;:&quot;section-stretched&quot;,&quot;background_background&quot;:&quot;classic&quot;}\">\n\t\t\t\t\t\t<div class=\"elementor-container elementor-column-gap-default\">\n\t\t\t\t\t<div class=\"elementor-column elementor-col-100 elementor-top-column elementor-element elementor-element-7558b05\" data-id=\"7558b05\" data-element_type=\"column\">\n\t\t\t<div class=\"elementor-widget-wrap elementor-element-populated\">\n\t\t\t\t\t\t\t\t<div class=\"elementor-element elementor-element-c505df5 elementor-widget elementor-widget-spacer\" data-id=\"c505df5\" data-element_type=\"widget\" data-widget_type=\"spacer.default\">\n\t\t\t\t<div class=\"elementor-widget-container\">\n\t\t\t<style>\/*! elementor - v3.6.6 - 08-06-2022 *\/\n.e-container.e-container--row .elementor-spacer-inner{width:var(--spacer-size)}.e-container.e-container--column .elementor-spacer-inner,.elementor-column .elementor-spacer-inner{height:var(--spacer-size)}<\/style>\t\t<div class=\"elementor-spacer\">\n\t\t\t<div class=\"elementor-spacer-inner\"><\/div>\n\t\t<\/div>\n\t\t\t\t<\/div>\n\t\t\t\t<\/div>\n\t\t\t\t<div class=\"elementor-element elementor-element-01df04b elementor-widget elementor-widget-heading\" data-id=\"01df04b\" data-element_type=\"widget\" data-widget_type=\"heading.default\">\n\t\t\t\t<div class=\"elementor-widget-container\">\n\t\t\t<style>\/*! elementor - v3.6.6 - 08-06-2022 *\/\n.elementor-heading-title{padding:0;margin:0;line-height:1}.elementor-widget-heading .elementor-heading-title[class*=elementor-size-]>a{color:inherit;font-size:inherit;line-height:inherit}.elementor-widget-heading .elementor-heading-title.elementor-size-small{font-size:15px}.elementor-widget-heading .elementor-heading-title.elementor-size-medium{font-size:19px}.elementor-widget-heading .elementor-heading-title.elementor-size-large{font-size:29px}.elementor-widget-heading .elementor-heading-title.elementor-size-xl{font-size:39px}.elementor-widget-heading .elementor-heading-title.elementor-size-xxl{font-size:59px}<\/style><h2 class=\"elementor-heading-title elementor-size-default\">Immobilienangebot<\/h2>\t\t<\/div>\n\t\t\t\t<\/div>\n\t\t\t\t<div class=\"elementor-element elementor-element-c9b6b14 elementor-widget elementor-widget-text-editor\" data-id=\"c9b6b14\" data-element_type=\"widget\" data-widget_type=\"text-editor.default\">\n\t\t\t\t<div class=\"elementor-widget-container\">\n\t\t\t<style>\/*! elementor - v3.6.6 - 08-06-2022 *\/\n.elementor-widget-text-editor.elementor-drop-cap-view-stacked .elementor-drop-cap{background-color:#818a91;color:#fff}.elementor-widget-text-editor.elementor-drop-cap-view-framed .elementor-drop-cap{color:#818a91;border:3px solid;background-color:transparent}.elementor-widget-text-editor:not(.elementor-drop-cap-view-default) .elementor-drop-cap{margin-top:8px}.elementor-widget-text-editor:not(.elementor-drop-cap-view-default) .elementor-drop-cap-letter{width:1em;height:1em}.elementor-widget-text-editor .elementor-drop-cap{float:left;text-align:center;line-height:1;font-size:50px}.elementor-widget-text-editor .elementor-drop-cap-letter{display:inline-block}<\/style>\t\t\t\t<h4 style=\"text-align: right;\">FINDEN SIE IHR GRUNDST\u00dcCK ODER IHRE VILLA MIT HERRLICHEM MEERBLICK<\/h4>\t\t\t\t\t\t<\/div>\n\t\t\t\t<\/div>\n\t\t\t\t\t<\/div>\n\t\t<\/div>\n\t\t\t\t\t\t\t<\/div>\n\t\t<\/section>\n\t\t\t\t<section class=\"elementor-section elementor-top-section elementor-element elementor-element-32998c0 elementor-section-boxed elementor-section-height-default elementor-section-height-default\" data-id=\"32998c0\" data-element_type=\"section\" data-settings=\"{&quot;background_background&quot;:&quot;classic&quot;}\">\n\t\t\t\t\t\t<div class=\"elementor-container elementor-column-gap-default\">\n\t\t\t\t\t<div class=\"elementor-column elementor-col-100 elementor-top-column elementor-element elementor-element-e5ae40f\" data-id=\"e5ae40f\" data-element_type=\"column\">\n\t\t\t<div class=\"elementor-widget-wrap\">\n\t\t\t\t\t\t\t\t\t<\/div>\n\t\t<\/div>\n\t\t\t\t\t\t\t<\/div>\n\t\t<\/section>\n\t\t\t\t\t\t\t<\/div>\n\t\t<\/div>[\/vc_column][\/vc_row][vc_row full_width=&#8220;stretch_row&#8220; css=&#8220;.vc_custom_1660217260926{background-image: url(http:\/\/www.bluezanterealestates.com\/wp-content\/uploads\/2022\/08\/bg4.jpg?id=1179) !important;background-position: center !important;background-repeat: no-repeat !important;background-size: cover;background-position: top !important;}&#8220;][vc_column][vc_column_text][ps2id id=&#8220;zajistime&#8220; target=&#8220;&#8220; \/][\/vc_column_text][vc_row_inner][vc_column_inner width=&#8220;1\/2&#8243;][\/vc_column_inner][vc_column_inner width=&#8220;1\/2&#8243;]<div class=\"cz_gap clr  hide_on_tablet hide_on_mobile\" style=\"height: 170px\"><\/div><div class=\"cz_gap show_on_tablet clr  show_only_tablet\" style=\"height: 100px\"><\/div><div class=\"cz_gap show_on_mobile clr\" style=\"height: 300px\"><\/div>[vc_column_text]<\/p>\n<h1 style=\"text-align: right;\">Wir bieten<\/h1>\n<p>[\/vc_column_text]<div class=\"cz_gap clr  hide_on_tablet hide_on_mobile\" style=\"height: 200px\"><\/div><div class=\"cz_gap show_on_tablet clr  show_only_tablet\" style=\"height: 0px\"><\/div><div class=\"cz_gap show_on_mobile clr\" style=\"height: 0px\"><\/div>[\/vc_column_inner][\/vc_row_inner]<div class=\"cz_gap clr  hide_on_mobile\" style=\"height: 150px\"><\/div><div class=\"cz_gap show_on_mobile clr\" style=\"height: 500px\"><\/div>[vc_column_text]<\/p>\n<p style=\"text-align: left;\" align=\"LEFT\"><span style=\"font-size: 22px; color: #000000;\">Vermittlung von Immobilienk\u00e4ufen<\/span><br \/>\n<span style=\"color: #000000;\">Wir k\u00f6nnen den Kauf von Immobilien auf Zakynthos vermitteln. Schnell, professionell, sicher und in  <\/span><span style=\"color: #000000;\">Ihre Sprache.  <\/span><span style=\"color: #000000;\">Wir begleiten Sie durch den gesamten Prozess von der Einrichtung eines Bankkontos vor Ort bis hin zur Anmeldung bei der Finanzverwaltung.  <\/span><br \/>\n<span style=\"color: #000000;\">Das B\u00fcro wird erst nach Abschluss des Vertrages mit einem Notar aufgesucht, der die sichere Abwicklung des Gesch\u00e4fts garantiert.<\/span><\/p>\n<p><span style=\"font-size: 22px;\"><span style=\"color: #000000;\">Bau von Immobilien<\/span><\/span><br \/>\n<span style=\"color: #000000;\">M\u00f6chten Sie ein schl\u00fcsselfertiges Traumhaus auf Ihrem Grundst\u00fcck bauen lassen, oder w\u00fcnschen Sie Kontakte zu lokalen  <\/span><br \/>\n<span style=\"color: #000000;\">gepr\u00fcfte Bauunternehmen und Handwerker? Ben\u00f6tigen Sie Hilfe bei einem Projekt oder bei der Erteilung einer Baugenehmigung?  <\/span><br \/>\n<span style=\"color: #000000;\">Erlaubnis? Wir helfen Ihnen gerne bei allem.<\/span><\/p>\n<p><span style=\"font-size: 22px; color: #000000;\">Verwaltung von Immobilien<\/span><br \/>\n<span style=\"color: #000000;\">Genie\u00dfen Sie Ihr Traumhaus in vollen Z\u00fcgen und \u00fcberlassen Sie uns die Pflege!<\/span><br \/>\n<span style=\"color: #000000;\">Wir k\u00f6nnen Ihnen einen Handwerker, G\u00e4rtner, Poolpflege, Reinigung, Sicherheitsdienst und viele andere Dienstleistungen, einschlie\u00dflich Steuerangelegenheiten, anbieten.<\/span><\/p>\n<p><span style=\"color: #000000; font-size: 22px;\">Vermietete Immobilien &#8211; lassen Sie Ihr Eigentum Einkommen erwirtschaften.<\/span><br \/>\n<span style=\"color: #000000;\">Sie werden Ihre Immobilie nicht das ganze Jahr \u00fcber nutzen? Warum sollten Sie Ihre Immobilie also nicht zu Geld machen lassen?  <\/span><br \/>\n<span style=\"color: #000000;\">Wir organisieren die Anmietung Ihrer Immobilie zu den von Ihnen angegebenen Daten. Alle Angelegenheiten in Bezug auf  <\/span><br \/>\n<span style=\"color: #000000;\">Vermietung (Werbung, Reservierungsmanagement, Kommunikation mit dem Gast, Reinigung usw.) werden wir f\u00fcr Sie \u00fcbernehmen.<\/span>[\/vc_column_text][vc_column_text]<\/p>\n<p style=\"text-align: right;\"><span style=\"font-size: 18px; color: #000000;\">Mehr \u00fcber Zakynthos<\/span><\/p>\n<p>[\/vc_column_text]<div id=\"cz_94369\" class=\"cz_94369 cz_image clr cz_image_no_fx\"><div class=\"\" ><div class=\"cz_image_in\"><div class=\"cz_main_image\"><img width=\"62\" height=\"23\" src=\"data:image\/svg+xml,%3Csvg%20xmlns%3D&#39;http%3A%2F%2Fwww.w3.org%2F2000%2Fsvg&#39;%20width=&#39;62&#39;%20height=&#39;23&#39;%20viewBox%3D&#39;0%200%2062%2023&#39;%2F%3E\" data-czlz data-src=\"https:\/\/www.bluezanterealestates.com\/wp-content\/uploads\/2022\/08\/button-1.png\" class=\"attachment-full\" alt=\"\" title=\"button-1\" \/><\/div><\/div><\/div><\/div><div class=\"cz_gap clr \" style=\"height: 50px\"><\/div>[\/vc_column][\/vc_row]<\/p>\n","protected":false},"excerpt":{"rendered":"<p>[vc_row full_width=&#8220;stretch_row&#8220; css=&#8220;.vc_custom_1657557754339{margin-top: -130px !important;background-image: url(http:\/\/www.bluezanterealestates.com\/wp-content\/uploads\/2022\/06\/thurtl.jpg?id=15) !important;background-position: center !important;background-repeat: no-repeat !important;background-size: &#8230; <\/p>\n","protected":false},"author":1,"featured_media":0,"parent":0,"menu_order":0,"comment_status":"closed","ping_status":"closed","template":"","meta":[],"_links":{"self":[{"href":"https:\/\/www.bluezanterealestates.com\/de\/wp-json\/wp\/v2\/pages\/2173"}],"collection":[{"href":"https:\/\/www.bluezanterealestates.com\/de\/wp-json\/wp\/v2\/pages"}],"about":[{"href":"https:\/\/www.bluezanterealestates.com\/de\/wp-json\/wp\/v2\/types\/page"}],"author":[{"embeddable":true,"href":"https:\/\/www.bluezanterealestates.com\/de\/wp-json\/wp\/v2\/users\/1"}],"replies":[{"embeddable":true,"href":"https:\/\/www.bluezanterealestates.com\/de\/wp-json\/wp\/v2\/comments?post=2173"}],"version-history":[{"count":11,"href":"https:\/\/www.bluezanterealestates.com\/de\/wp-json\/wp\/v2\/pages\/2173\/revisions"}],"predecessor-version":[{"id":3543,"href":"https:\/\/www.bluezanterealestates.com\/de\/wp-json\/wp\/v2\/pages\/2173\/revisions\/3543"}],"wp:attachment":[{"href":"https:\/\/www.bluezanterealestates.com\/de\/wp-json\/wp\/v2\/media?parent=2173"}],"curies":[{"name":"wp","href":"https:\/\/api.w.org\/{rel}","templated":true}]}}